{"id":93,"date":"2025-11-23T04:58:07","date_gmt":"2025-11-23T02:58:07","guid":{"rendered":"https:\/\/www.inpulse.lt\/highlight-on-kaunas-startups-lietuviskai\/"},"modified":"2025-12-18T10:10:53","modified_gmt":"2025-12-18T08:10:53","slug":"highlight-on-kaunas-startups-lietuviskai","status":"publish","type":"page","link":"https:\/\/inpulse.lt\/lt\/","title":{"rendered":"D\u0117mesio centre Lietuvos startuoliai"},"content":{"rendered":"\n<figure class=\"wp-block-image size-large\"><img loading=\"lazy\" decoding=\"async\" width=\"1024\" height=\"683\" src=\"https:\/\/inpulse.lt\/lt\/wp-content\/uploads\/2025\/11\/piotr-ams-rS57HND_0Yo-unsplash-1-1024x683.jpg\" alt=\"\" class=\"wp-image-95\" srcset=\"https:\/\/inpulse.lt\/lt\/wp-content\/uploads\/2025\/11\/piotr-ams-rS57HND_0Yo-unsplash-1-1024x683.jpg 1024w, https:\/\/inpulse.lt\/lt\/wp-content\/uploads\/2025\/11\/piotr-ams-rS57HND_0Yo-unsplash-1-300x200.jpg 300w, https:\/\/inpulse.lt\/lt\/wp-content\/uploads\/2025\/11\/piotr-ams-rS57HND_0Yo-unsplash-1-768x512.jpg 768w, https:\/\/inpulse.lt\/lt\/wp-content\/uploads\/2025\/11\/piotr-ams-rS57HND_0Yo-unsplash-1-1536x1024.jpg 1536w, https:\/\/inpulse.lt\/lt\/wp-content\/uploads\/2025\/11\/piotr-ams-rS57HND_0Yo-unsplash-1-2048x1365.jpg 2048w\" sizes=\"auto, (max-width: 1024px) 100vw, 1024px\" \/><\/figure>\n\n\n\n<p>Lietuva kei\u010diasi. Nauji \u012fk\u016br\u0117jai, naujos id\u0117jos, naujos \u012fmon\u0117s \u2014 viskas kuriama grei\u010diau nei bet kada anks\u010diau.<br>Ta\u010diau iki \u0161iol nebuvo vienos vietos, kur visos \u0161ios istorijos susitikt\u0173.<\/p>\n\n\n\n<p><strong>IN\u2022PULSE<\/strong>&nbsp;buvo sukurtas tam, kad tai pakeist\u0173.<\/p>\n\n\n\n<p>Tai namai tiems, kurie kuria.<\/p>\n\n\n\n<p>Vieta, kur \u012fk\u016br\u0117jai dalijasi savo kelione.<br>Vieta, kur inovatoriai gali b\u016bti atrasti.<br>Vieta, kur Lietuva gali parodyti pasauliui, kas \u010dia vyksta \u2014 po vien\u0105 istorij\u0105.<\/p>\n\n\n\n<p>Nesvarbu, ar esi startuolio \u012fk\u016br\u0117jas, investuotojas, studentas, ar tiesiog \u017emogus, kuriam patinka matyti, kaip gimsta naujos id\u0117jos \u2014&nbsp;<strong>IN\u2022PULSE<\/strong>&nbsp;suteikia viet\u0105 pirmoje eil\u0117je Lietuvos startuoli\u0173 ekosistemoje.<\/p>\n\n\n\n<p>Mes publikuojame:<\/p>\n\n\n\n<ul class=\"wp-block-list\">\n<li><a href=\"https:\/\/inpulse.lt\/lt\/category\/startuoliai\/\" data-type=\"category\" data-id=\"3\">Startuoli\u0173 pristatymus<\/a><\/li>\n\n\n\n<li><a href=\"https:\/\/inpulse.lt\/lt\/category\/ikurejai\/\" data-type=\"category\" data-id=\"23\">\u012ek\u016br\u0117j\u0173 interviu<\/a><\/li>\n\n\n\n<li><a href=\"https:\/\/inpulse.lt\/lt\/category\/produktu-pristatymai\/\" data-type=\"category\" data-id=\"27\">Produkt\u0173 pristatymus<\/a><\/li>\n\n\n\n<li><a href=\"https:\/\/inpulse.lt\/lt\/category\/izvalgos\/\" data-type=\"category\" data-id=\"25\">Ekosistemos \u012f\u017evalgas<\/a><\/li>\n<\/ul>\n\n\n\n<p>Visa tai \u2014 paprastu, \u017emogi\u0161ku ir lengvai prieinamu formatu.<\/p>\n\n\n\n<p>Lietuva yra daugiau nei \u0161alis \u2014 tai verslumo variklis.<br>Ir \u010dia gali pajusti jo puls\u0105.<\/p>\n\n\n\n<p><strong>Sveiki atvyk\u0119 \u012f IN\u2022PULSE.<\/strong><\/p>\n\n\n\n<p><em>Lietuvos startuoli\u0173 pulsas.<\/em><\/p>\n\n\n\n<p><\/p>\n","protected":false},"excerpt":{"rendered":"<p>Lietuva kei\u010diasi. Nauji \u012fk\u016br\u0117jai, naujos id\u0117jos, naujos \u012fmon\u0117s \u2014 viskas kuriama grei\u010diau nei bet kada anks\u010diau.Ta\u010diau iki \u0161iol nebuvo vienos vietos, kur visos \u0161ios istorijos susitikt\u0173. IN\u2022PULSE&nbsp;buvo sukurtas tam, kad tai pakeist\u0173. Tai namai tiems, kurie kuria. Vieta, kur \u012fk\u016br\u0117jai dalijasi savo kelione.Vieta, kur inovatoriai gali b\u016bti atrasti.Vieta, kur Lietuva gali parodyti pasauliui, kas \u010dia [&hellip;]<\/p>\n","protected":false},"author":1,"featured_media":0,"parent":0,"menu_order":0,"comment_status":"closed","ping_status":"closed","template":"","meta":{"footnotes":""},"class_list":["post-93","page","type-page","status-publish","hentry"],"_links":{"self":[{"href":"https:\/\/inpulse.lt\/lt\/wp-json\/wp\/v2\/pages\/93","targetHints":{"allow":["GET"]}}],"collection":[{"href":"https:\/\/inpulse.lt\/lt\/wp-json\/wp\/v2\/pages"}],"about":[{"href":"https:\/\/inpulse.lt\/lt\/wp-json\/wp\/v2\/types\/page"}],"author":[{"embeddable":true,"href":"https:\/\/inpulse.lt\/lt\/wp-json\/wp\/v2\/users\/1"}],"replies":[{"embeddable":true,"href":"https:\/\/inpulse.lt\/lt\/wp-json\/wp\/v2\/comments?post=93"}],"version-history":[{"count":5,"href":"https:\/\/inpulse.lt\/lt\/wp-json\/wp\/v2\/pages\/93\/revisions"}],"predecessor-version":[{"id":144,"href":"https:\/\/inpulse.lt\/lt\/wp-json\/wp\/v2\/pages\/93\/revisions\/144"}],"wp:attachment":[{"href":"https:\/\/inpulse.lt\/lt\/wp-json\/wp\/v2\/media?parent=93"}],"curies":[{"name":"wp","href":"https:\/\/api.w.org\/{rel}","templated":true}]}}